{"id":5111,"date":"2022-08-05T14:31:16","date_gmt":"2022-08-05T14:31:16","guid":{"rendered":"https:\/\/changestartsnow.ca\/a-propos\/"},"modified":"2023-09-25T18:13:54","modified_gmt":"2023-09-25T18:13:54","slug":"a-propos","status":"publish","type":"page","link":"https:\/\/changestartsnow.ca\/fr\/a-propos\/","title":{"rendered":"\u00c0 propos"},"content":{"rendered":"\n<h2 class=\"wp-block-heading\">\u00c0 propos de la Guelph Black Heritage Society<\/h2>\n\n<p>La Guelph Black Heritage Society (GBHS) se consacre \u00e0 la pr\u00e9servation du Heritage Hall en tant que b\u00e2timent du patrimoine culturel, symbolisant influence historique, actuelle et continue de la communaut\u00e9 noire sur la qualit\u00e9 de vie \u00e0 Guelph, dans la r\u00e9gion du comt\u00e9 de Wellington et dans tout le pays. Notre mandat comprend la sensibilisation au patrimoine noir local et national tout en abordant les questions sociales importantes pour les communaut\u00e9s noires canadiennes.<\/p>\n\n<p>Notre voyage a commenc\u00e9 en r\u00e9ponse \u00e0 la mise en vente de l&rsquo;\u00e9glise \u00e9piscopale m\u00e9thodiste britannique (BME) situ\u00e9e au 83, Essex Street, \u00e0 Guelph, en novembre 2011. Cette \u00e9glise historique en pierre, \u00e9rig\u00e9e en 1880 par d&rsquo;anciens esclaves et leurs descendants qui ont cherch\u00e9 refuge au Canada par le biais du chemin de fer clandestin, t\u00e9moigne de la r\u00e9silience et de l&rsquo;espoir de notre communaut\u00e9. Sous l&rsquo;\u00e9gide de la Guelph Black Heritage Society, le b\u00e2timent de l&rsquo;\u00e9glise BME a \u00e9t\u00e9 rebaptis\u00e9 Heritage Hall et transform\u00e9 en un centre culturel prosp\u00e8re qui rend hommage \u00e0 son importance historique et favorise les liens communautaires.<\/p>\n\n<p>En tant que propri\u00e9taires du Heritage Hall, nous organisons une s\u00e9rie d&rsquo;\u00e9v\u00e9nements attrayants, notamment des concerts, des ateliers et des spectacles en direct, et nous fournissons un espace de r\u00e9union pour les groupes communautaires. Heritage Hall est un lieu d&rsquo;\u00e9change culturel accueillant qui apporte une contribution unique \u00e0 la diversit\u00e9 culturelle croissante de Guelph.<\/p>\n\n<p>\u00c0 la GBHS, nous reconnaissons le r\u00f4le essentiel que joue Heritage Hall dans la pr\u00e9servation de l&rsquo;histoire et de l&rsquo;h\u00e9ritage des Noirs. Il agit comme un dossier historique critique, repr\u00e9sentant les luttes, les r\u00e9alisations et l&rsquo;h\u00e9ritage culturel de la communaut\u00e9 noire. Conform\u00e9ment \u00e0 notre engagement, nous avons lanc\u00e9 #ChangeStartsNow, un projet d&rsquo;archives num\u00e9riques qui vise \u00e0 num\u00e9riser et \u00e0 pr\u00e9senter une collection compl\u00e8te de photographies, de documents et d&rsquo;enregistrements li\u00e9s \u00e0 la communaut\u00e9 noire de Guelph et de la r\u00e9gion plus large du comt\u00e9 de Wellington.<\/p>\n\n<h2 class=\"wp-block-heading\">\u00c0 propos de #ChangeStartsNow<\/h2>\n\n<p>#ChangeStartsNow est un projet d&rsquo;archives num\u00e9riques lanc\u00e9 par la Guelph Black Heritage&#13;\nSociety. Notre objectif principal est de pr\u00e9server et de partager la riche histoire de la&#13;\ncommunaut\u00e9 noire de Guelph et du comt\u00e9 de Wellington. En collaborant avec des familles et&#13;\ndes mus\u00e9es locaux, nous avons rassembl\u00e9 et num\u00e9ris\u00e9 des photographies, des documents, des enregistrements et d&rsquo;autres donn\u00e9es qui permettent de mieux comprendre l&rsquo;histoire des Noirs.<\/p>\n\n<p>Ces archives contiennent des photos des programmes et \u00e9v\u00e9nements pass\u00e9s de la GBHS, ainsi que des objets appartenant \u00e0 l&rsquo;organisation. Regardez les vid\u00e9os de nos \u00e9v\u00e9nements pass\u00e9s, d\u00e9couvrez les membres historiques des communaut\u00e9s noires de colons et d&rsquo;immigrants ou faites une visite virtuelle de Heritage Hall. \u00c9coutez les podcasts \u00ab\u00a0Nicky Dread\u00a0\u00bb, anim\u00e9s et produits par Shane Philips. Nick\u00a0\u00ab\u00a0Nicky Dread\u00a0\u00bb Taylor, originaire de Guyane, \u00e9tait une figureestim\u00e9e de notre communaut\u00e9. Il \u00e9tait connu pour avoir anim\u00e9 les \u00e9missions de radio \u00ab\u00a0Crooked Beat by Nicky Dread\u00a0\u00bb pendant plus de 40 ans sur CFRU Radio, une station de radio universitaire bas\u00e9e \u00e0 l&rsquo;universit\u00e9 de Guelph. Gr\u00e2ce \u00e0 son d\u00e9vouement \u00e0 la radio communautaire, il a partag\u00e9 sa passion pour la musique reggae avec le monde entier. La&#13;\ncommunaut\u00e9 carib\u00e9enne contribue de mani\u00e8re significative au paysage culturel de Guelph et&#13;\ndu comt\u00e9 de Wellington depuis plus de 60 ans.<\/p>\n\n<p>Par le biais de #ChangeStartsNow, nous nous effor\u00e7ons de sensibiliser le public aux&#13;\ncontributions significatives de la communaut\u00e9 noire, tant \u00e0 Guelph et dans le comt\u00e9 de&#13;\nWellington qu&rsquo;a l&rsquo;\u00e9chelle nationale. Nos archives num\u00e9riques constituent une ressource&#13;\npr\u00e9cieuse pour les chercheurs, les \u00e9tudiants et le grand public, car elles offrent un acc\u00e8s facile \u00e0 des documents d&rsquo;importance historique. En tirant parti de la puissance de la num\u00e9risation, nous veillons \u00e0 ce que ces ressources soient pr\u00e9serv\u00e9es pour les g\u00e9n\u00e9rations futures et fournissons une plateforme permettant d&rsquo;explorer l&rsquo;histoire des Noirs et de s&rsquo;y int\u00e9resser comme jamais auparavant.<\/p>\n\n<p>Rejoignez-nous dans ce voyage transformateur alors que nous c\u00e9l\u00e9brons la r\u00e9silience, les&#13;\nr\u00e9alisations et le patrimoine culturel de la communaut\u00e9 noire de Guelph et du comt\u00e9 de&#13;\nWellington. Ensemble, nous pouvons pr\u00e9server notre histoire commune, promouvoir l&rsquo;inclusion et favoriser une meilleure compr\u00e9hension de notre pass\u00e9 collectif.<\/p>\n","protected":false},"excerpt":{"rendered":"<p>\u00c0 propos de la Guelph Black Heritage Society La Guelph Black Heritage Society (GBHS) se consacre \u00e0 la pr\u00e9servation du [&hellip;]<\/p>\n","protected":false},"author":1,"featured_media":0,"parent":0,"menu_order":0,"comment_status":"closed","ping_status":"closed","template":"","meta":{"_acf_changed":false,"footnotes":""},"class_list":["post-5111","page","type-page","status-publish","hentry"],"acf":[],"yoast_head":"<!-- This site is optimized with the Yoast SEO plugin v27.3 - https:\/\/yoast.com\/product\/yoast-seo-wordpress\/ -->\n<title>\u00c0 propos - #Changestartsnow<\/title>\n<meta name=\"robots\" content=\"index, follow, max-snippet:-1, max-image-preview:large, max-video-preview:-1\" \/>\n<link rel=\"canonical\" href=\"https:\/\/changestartsnow.ca\/fr\/a-propos\/\" \/>\n<meta property=\"og:locale\" content=\"fr_FR\" \/>\n<meta property=\"og:type\" content=\"article\" \/>\n<meta property=\"og:title\" content=\"\u00c0 propos - #Changestartsnow\" \/>\n<meta property=\"og:description\" content=\"\u00c0 propos de la Guelph Black Heritage Society La Guelph Black Heritage Society (GBHS) se consacre \u00e0 la pr\u00e9servation du [&hellip;]\" \/>\n<meta property=\"og:url\" content=\"https:\/\/changestartsnow.ca\/fr\/a-propos\/\" \/>\n<meta property=\"og:site_name\" content=\"#Changestartsnow\" \/>\n<meta property=\"article:modified_time\" content=\"2023-09-25T18:13:54+00:00\" \/>\n<meta name=\"twitter:card\" content=\"summary_large_image\" \/>\n<meta name=\"twitter:label1\" content=\"Dur\u00e9e de lecture estim\u00e9e\" \/>\n\t<meta name=\"twitter:data1\" content=\"4 minutes\" \/>\n<script type=\"application\/ld+json\" class=\"yoast-schema-graph\">{\"@context\":\"https:\\\/\\\/schema.org\",\"@graph\":[{\"@type\":\"WebPage\",\"@id\":\"https:\\\/\\\/changestartsnow.ca\\\/fr\\\/a-propos\\\/\",\"url\":\"https:\\\/\\\/changestartsnow.ca\\\/fr\\\/a-propos\\\/\",\"name\":\"\u00c0 propos - #Changestartsnow\",\"isPartOf\":{\"@id\":\"https:\\\/\\\/changestartsnow.tempurl.host\\\/#website\"},\"datePublished\":\"2022-08-05T14:31:16+00:00\",\"dateModified\":\"2023-09-25T18:13:54+00:00\",\"breadcrumb\":{\"@id\":\"https:\\\/\\\/changestartsnow.ca\\\/fr\\\/a-propos\\\/#breadcrumb\"},\"inLanguage\":\"fr-FR\",\"potentialAction\":[{\"@type\":\"ReadAction\",\"target\":[\"https:\\\/\\\/changestartsnow.ca\\\/fr\\\/a-propos\\\/\"]}]},{\"@type\":\"BreadcrumbList\",\"@id\":\"https:\\\/\\\/changestartsnow.ca\\\/fr\\\/a-propos\\\/#breadcrumb\",\"itemListElement\":[{\"@type\":\"ListItem\",\"position\":1,\"name\":\"Home\",\"item\":\"https:\\\/\\\/changestartsnow.tempurl.host\\\/\"},{\"@type\":\"ListItem\",\"position\":2,\"name\":\"\u00c0 propos\"}]},{\"@type\":\"WebSite\",\"@id\":\"https:\\\/\\\/changestartsnow.tempurl.host\\\/#website\",\"url\":\"https:\\\/\\\/changestartsnow.tempurl.host\\\/\",\"name\":\"#Changestartsnow\",\"description\":\"\",\"potentialAction\":[{\"@type\":\"SearchAction\",\"target\":{\"@type\":\"EntryPoint\",\"urlTemplate\":\"https:\\\/\\\/changestartsnow.tempurl.host\\\/?s={search_term_string}\"},\"query-input\":{\"@type\":\"PropertyValueSpecification\",\"valueRequired\":true,\"valueName\":\"search_term_string\"}}],\"inLanguage\":\"fr-FR\"}]}<\/script>\n<!-- \/ Yoast SEO plugin. -->","yoast_head_json":{"title":"\u00c0 propos - #Changestartsnow","robots":{"index":"index","follow":"follow","max-snippet":"max-snippet:-1","max-image-preview":"max-image-preview:large","max-video-preview":"max-video-preview:-1"},"canonical":"https:\/\/changestartsnow.ca\/fr\/a-propos\/","og_locale":"fr_FR","og_type":"article","og_title":"\u00c0 propos - #Changestartsnow","og_description":"\u00c0 propos de la Guelph Black Heritage Society La Guelph Black Heritage Society (GBHS) se consacre \u00e0 la pr\u00e9servation du [&hellip;]","og_url":"https:\/\/changestartsnow.ca\/fr\/a-propos\/","og_site_name":"#Changestartsnow","article_modified_time":"2023-09-25T18:13:54+00:00","twitter_card":"summary_large_image","twitter_misc":{"Dur\u00e9e de lecture estim\u00e9e":"4 minutes"},"schema":{"@context":"https:\/\/schema.org","@graph":[{"@type":"WebPage","@id":"https:\/\/changestartsnow.ca\/fr\/a-propos\/","url":"https:\/\/changestartsnow.ca\/fr\/a-propos\/","name":"\u00c0 propos - #Changestartsnow","isPartOf":{"@id":"https:\/\/changestartsnow.tempurl.host\/#website"},"datePublished":"2022-08-05T14:31:16+00:00","dateModified":"2023-09-25T18:13:54+00:00","breadcrumb":{"@id":"https:\/\/changestartsnow.ca\/fr\/a-propos\/#breadcrumb"},"inLanguage":"fr-FR","potentialAction":[{"@type":"ReadAction","target":["https:\/\/changestartsnow.ca\/fr\/a-propos\/"]}]},{"@type":"BreadcrumbList","@id":"https:\/\/changestartsnow.ca\/fr\/a-propos\/#breadcrumb","itemListElement":[{"@type":"ListItem","position":1,"name":"Home","item":"https:\/\/changestartsnow.tempurl.host\/"},{"@type":"ListItem","position":2,"name":"\u00c0 propos"}]},{"@type":"WebSite","@id":"https:\/\/changestartsnow.tempurl.host\/#website","url":"https:\/\/changestartsnow.tempurl.host\/","name":"#Changestartsnow","description":"","potentialAction":[{"@type":"SearchAction","target":{"@type":"EntryPoint","urlTemplate":"https:\/\/changestartsnow.tempurl.host\/?s={search_term_string}"},"query-input":{"@type":"PropertyValueSpecification","valueRequired":true,"valueName":"search_term_string"}}],"inLanguage":"fr-FR"}]}},"_links":{"self":[{"href":"https:\/\/changestartsnow.ca\/fr\/wp-json\/wp\/v2\/pages\/5111","targetHints":{"allow":["GET"]}}],"collection":[{"href":"https:\/\/changestartsnow.ca\/fr\/wp-json\/wp\/v2\/pages"}],"about":[{"href":"https:\/\/changestartsnow.ca\/fr\/wp-json\/wp\/v2\/types\/page"}],"author":[{"embeddable":true,"href":"https:\/\/changestartsnow.ca\/fr\/wp-json\/wp\/v2\/users\/1"}],"replies":[{"embeddable":true,"href":"https:\/\/changestartsnow.ca\/fr\/wp-json\/wp\/v2\/comments?post=5111"}],"version-history":[{"count":5,"href":"https:\/\/changestartsnow.ca\/fr\/wp-json\/wp\/v2\/pages\/5111\/revisions"}],"predecessor-version":[{"id":5116,"href":"https:\/\/changestartsnow.ca\/fr\/wp-json\/wp\/v2\/pages\/5111\/revisions\/5116"}],"wp:attachment":[{"href":"https:\/\/changestartsnow.ca\/fr\/wp-json\/wp\/v2\/media?parent=5111"}],"curies":[{"name":"wp","href":"https:\/\/api.w.org\/{rel}","templated":true}]}}