{"id":5117,"date":"2023-07-10T17:46:07","date_gmt":"2023-07-10T17:46:07","guid":{"rendered":"https:\/\/changestartsnow.ca\/podcasts\/"},"modified":"2023-09-26T13:29:04","modified_gmt":"2023-09-26T13:29:04","slug":"podcasts","status":"publish","type":"page","link":"https:\/\/changestartsnow.ca\/fr\/podcasts\/","title":{"rendered":"Podcasts"},"content":{"rendered":"\n<p>Podcasts de Nicky Dread<\/p>\n\n<p>Nick \u00ab\u00a0Nicky Dread\u00a0\u00bb Taylor est d\u00e9c\u00e9d\u00e9 en mars 2022. Originaire de Georgetown, en Guyane,&#13;\nNick s&rsquo;est install\u00e9 \u00e0 Guelph pour \u00e9tudier \u00e0 l&rsquo;universit\u00e9 en 1977. Nick adorait la musique reggae et a re\u00e7u de nombreux prix et distinctions, notamment le prix de la musique Noire canadienne Award pour le meilleur disc-jockey radio, un certificat d&rsquo;appr\u00e9ciation des 4th International Reggae Music Awards, \u00e0 Chicago, aux \u00c9tats-Unis, et il a \u00e9t\u00e9 juge pour la cat\u00e9gorie Reggae des Juno canadiens. Pendant plus de 40 ans, il a anim\u00e9 une \u00e9mission de musique reggae sur CRFU Radio, ce qui repr\u00e9sente 3 700 heures de diffusion. Nicky \u00e9tait tr\u00e8s appr\u00e9ci\u00e9 dans notre communaut\u00e9 et il nous manque. Qu&rsquo;il repose en paix.<\/p>\n\n<p>Comment maintenir la conversation en vie ? C&rsquo;est l&rsquo;un des principaux objectifs auxquels j&rsquo;ai d\u00fb&#13;\nr\u00e9pondre lorsque j&rsquo;ai commenc\u00e9 \u00e0 archiver et \u00e0 ma\u00eetriser les interviews de Nicky Dread. Par&#13;\nessence, j&rsquo;ai d\u00e9cid\u00e9 que la cr\u00e9ation d&rsquo;une s\u00e9rie de nouvelles interviews avec une narration&#13;\ndirig\u00e9e serait le meilleur moyen d&rsquo;atteindre cet objectif. En tant qu&rsquo;auteur et compositeur, j&rsquo;ai&#13;\nressenti le besoin d&rsquo;aborder l&rsquo;histoire plus large qui a \u00e9t\u00e9 d\u00e9couverte en utilisant les archives de Nicky Dread comme source d&rsquo;inspiration. C&rsquo;est l&rsquo;histoire d&rsquo;une musique ancr\u00e9e dans les&#13;\nprincipes de la paix et de l&rsquo;amour, luttant pour la justice sociale, que je me sens oblig\u00e9 de partager, et ces nouvelles interviews cherchent \u00e0 explorer davantage cette relation entre la&#13;\nmusique reggae, le rastafari et la situation critique de l&rsquo;humanit\u00e9.<\/p>\n\n<p>Shane PHILIPS<\/p>\n\n<p>Auteur-compositeur-interpr\u00e8te<\/p>\n\n<p>Ing\u00e9nieur producteur<\/p>\n\n<p><a href=\"http:\/\/www.shanephilips.com\/\">http:\/\/www.shanephilips.com\/<\/a><\/p>\n","protected":false},"excerpt":{"rendered":"<p>Podcasts de Nicky Dread Nick \u00ab\u00a0Nicky Dread\u00a0\u00bb Taylor est d\u00e9c\u00e9d\u00e9 en mars 2022. Originaire de Georgetown, en Guyane,&#13; Nick s&rsquo;est [&hellip;]<\/p>\n","protected":false},"author":1,"featured_media":0,"parent":0,"menu_order":0,"comment_status":"closed","ping_status":"closed","template":"collection.php","meta":{"_acf_changed":false,"footnotes":""},"class_list":["post-5117","page","type-page","status-publish","hentry"],"acf":[],"yoast_head":"<!-- This site is optimized with the Yoast SEO plugin v27.3 - https:\/\/yoast.com\/product\/yoast-seo-wordpress\/ -->\n<title>Podcasts - #Changestartsnow<\/title>\n<meta name=\"description\" content=\"Podcasts de Nicky Dread\" \/>\n<meta name=\"robots\" content=\"index, follow, max-snippet:-1, max-image-preview:large, max-video-preview:-1\" \/>\n<link rel=\"canonical\" href=\"https:\/\/changestartsnow.ca\/fr\/podcasts\/\" \/>\n<meta property=\"og:locale\" content=\"fr_FR\" \/>\n<meta property=\"og:type\" content=\"article\" \/>\n<meta property=\"og:title\" content=\"Podcasts - #Changestartsnow\" \/>\n<meta property=\"og:description\" content=\"Podcasts de Nicky Dread\" \/>\n<meta property=\"og:url\" content=\"https:\/\/changestartsnow.ca\/fr\/podcasts\/\" \/>\n<meta property=\"og:site_name\" content=\"#Changestartsnow\" \/>\n<meta property=\"article:modified_time\" content=\"2023-09-26T13:29:04+00:00\" \/>\n<meta name=\"twitter:card\" content=\"summary_large_image\" \/>\n<meta name=\"twitter:label1\" content=\"Dur\u00e9e de lecture estim\u00e9e\" \/>\n\t<meta name=\"twitter:data1\" content=\"1 minute\" \/>\n<script type=\"application\/ld+json\" class=\"yoast-schema-graph\">{\"@context\":\"https:\\\/\\\/schema.org\",\"@graph\":[{\"@type\":\"WebPage\",\"@id\":\"https:\\\/\\\/changestartsnow.ca\\\/fr\\\/podcasts\\\/\",\"url\":\"https:\\\/\\\/changestartsnow.ca\\\/fr\\\/podcasts\\\/\",\"name\":\"Podcasts - #Changestartsnow\",\"isPartOf\":{\"@id\":\"https:\\\/\\\/changestartsnow.tempurl.host\\\/#website\"},\"datePublished\":\"2023-07-10T17:46:07+00:00\",\"dateModified\":\"2023-09-26T13:29:04+00:00\",\"description\":\"Podcasts de Nicky Dread\",\"breadcrumb\":{\"@id\":\"https:\\\/\\\/changestartsnow.ca\\\/fr\\\/podcasts\\\/#breadcrumb\"},\"inLanguage\":\"fr-FR\",\"potentialAction\":[{\"@type\":\"ReadAction\",\"target\":[\"https:\\\/\\\/changestartsnow.ca\\\/fr\\\/podcasts\\\/\"]}]},{\"@type\":\"BreadcrumbList\",\"@id\":\"https:\\\/\\\/changestartsnow.ca\\\/fr\\\/podcasts\\\/#breadcrumb\",\"itemListElement\":[{\"@type\":\"ListItem\",\"position\":1,\"name\":\"Home\",\"item\":\"https:\\\/\\\/changestartsnow.tempurl.host\\\/\"},{\"@type\":\"ListItem\",\"position\":2,\"name\":\"Podcasts\"}]},{\"@type\":\"WebSite\",\"@id\":\"https:\\\/\\\/changestartsnow.tempurl.host\\\/#website\",\"url\":\"https:\\\/\\\/changestartsnow.tempurl.host\\\/\",\"name\":\"#Changestartsnow\",\"description\":\"\",\"potentialAction\":[{\"@type\":\"SearchAction\",\"target\":{\"@type\":\"EntryPoint\",\"urlTemplate\":\"https:\\\/\\\/changestartsnow.tempurl.host\\\/?s={search_term_string}\"},\"query-input\":{\"@type\":\"PropertyValueSpecification\",\"valueRequired\":true,\"valueName\":\"search_term_string\"}}],\"inLanguage\":\"fr-FR\"}]}<\/script>\n<!-- \/ Yoast SEO plugin. -->","yoast_head_json":{"title":"Podcasts - #Changestartsnow","description":"Podcasts de Nicky Dread","robots":{"index":"index","follow":"follow","max-snippet":"max-snippet:-1","max-image-preview":"max-image-preview:large","max-video-preview":"max-video-preview:-1"},"canonical":"https:\/\/changestartsnow.ca\/fr\/podcasts\/","og_locale":"fr_FR","og_type":"article","og_title":"Podcasts - #Changestartsnow","og_description":"Podcasts de Nicky Dread","og_url":"https:\/\/changestartsnow.ca\/fr\/podcasts\/","og_site_name":"#Changestartsnow","article_modified_time":"2023-09-26T13:29:04+00:00","twitter_card":"summary_large_image","twitter_misc":{"Dur\u00e9e de lecture estim\u00e9e":"1 minute"},"schema":{"@context":"https:\/\/schema.org","@graph":[{"@type":"WebPage","@id":"https:\/\/changestartsnow.ca\/fr\/podcasts\/","url":"https:\/\/changestartsnow.ca\/fr\/podcasts\/","name":"Podcasts - #Changestartsnow","isPartOf":{"@id":"https:\/\/changestartsnow.tempurl.host\/#website"},"datePublished":"2023-07-10T17:46:07+00:00","dateModified":"2023-09-26T13:29:04+00:00","description":"Podcasts de Nicky Dread","breadcrumb":{"@id":"https:\/\/changestartsnow.ca\/fr\/podcasts\/#breadcrumb"},"inLanguage":"fr-FR","potentialAction":[{"@type":"ReadAction","target":["https:\/\/changestartsnow.ca\/fr\/podcasts\/"]}]},{"@type":"BreadcrumbList","@id":"https:\/\/changestartsnow.ca\/fr\/podcasts\/#breadcrumb","itemListElement":[{"@type":"ListItem","position":1,"name":"Home","item":"https:\/\/changestartsnow.tempurl.host\/"},{"@type":"ListItem","position":2,"name":"Podcasts"}]},{"@type":"WebSite","@id":"https:\/\/changestartsnow.tempurl.host\/#website","url":"https:\/\/changestartsnow.tempurl.host\/","name":"#Changestartsnow","description":"","potentialAction":[{"@type":"SearchAction","target":{"@type":"EntryPoint","urlTemplate":"https:\/\/changestartsnow.tempurl.host\/?s={search_term_string}"},"query-input":{"@type":"PropertyValueSpecification","valueRequired":true,"valueName":"search_term_string"}}],"inLanguage":"fr-FR"}]}},"_links":{"self":[{"href":"https:\/\/changestartsnow.ca\/fr\/wp-json\/wp\/v2\/pages\/5117","targetHints":{"allow":["GET"]}}],"collection":[{"href":"https:\/\/changestartsnow.ca\/fr\/wp-json\/wp\/v2\/pages"}],"about":[{"href":"https:\/\/changestartsnow.ca\/fr\/wp-json\/wp\/v2\/types\/page"}],"author":[{"embeddable":true,"href":"https:\/\/changestartsnow.ca\/fr\/wp-json\/wp\/v2\/users\/1"}],"replies":[{"embeddable":true,"href":"https:\/\/changestartsnow.ca\/fr\/wp-json\/wp\/v2\/comments?post=5117"}],"version-history":[{"count":1,"href":"https:\/\/changestartsnow.ca\/fr\/wp-json\/wp\/v2\/pages\/5117\/revisions"}],"predecessor-version":[{"id":5118,"href":"https:\/\/changestartsnow.ca\/fr\/wp-json\/wp\/v2\/pages\/5117\/revisions\/5118"}],"wp:attachment":[{"href":"https:\/\/changestartsnow.ca\/fr\/wp-json\/wp\/v2\/media?parent=5117"}],"curies":[{"name":"wp","href":"https:\/\/api.w.org\/{rel}","templated":true}]}}