{"id":5195,"date":"2023-07-10T17:45:30","date_gmt":"2023-07-10T17:45:30","guid":{"rendered":"https:\/\/changestartsnow.ca\/videos\/"},"modified":"2023-09-26T18:32:21","modified_gmt":"2023-09-26T18:32:21","slug":"videos","status":"publish","type":"page","link":"https:\/\/changestartsnow.ca\/fr\/videos\/","title":{"rendered":"Vid\u00e9os"},"content":{"rendered":"\n<p class=\"has-text-align-left\">Le projet de vid\u00e9o historique #ChangeStartsNow est une s\u00e9rie de cinq courtes vid\u00e9os qui&#13;\nmettent en lumi\u00e8re les histoires, les luttes et les triomphes des membres de la communaut\u00e9&#13;\nnoire des ann\u00e9es 1800 et du d\u00e9but des ann\u00e9es 1900. Ces membres de la communaut\u00e9 ont v\u00e9cu&#13;\ndans le sud-ouest de l&rsquo;Ontario et ont contribu\u00e9 \u00e0 construire la communaut\u00e9 noire, mais leurs&#13;\nhistoires sont inconnues de beaucoup. Ces vid\u00e9os amplifieront leurs voix et enracineront notre&#13;\nexp\u00e9rience et notre patrimoine dans notre compr\u00e9hension commune de l&rsquo;histoire locale.<\/p>\n\n<p class=\"has-text-align-center\"><strong>L&rsquo;histoire de Bud FOWLER<\/strong>&#13;\n&#13;\nD\u00e9couvrez le parcours de Bud Fowler, joueur de baseball noir am\u00e9ricain novateur, qui faisait&#13;\npartie de l&rsquo;\u00e9quipe de baseball des Guelph Maple Leafs. John W Jackson (plus tard connu sous le nom de Bud Fowler) est n\u00e9 en 1850, 16 ans seulement&#13;\napr\u00e8s l&rsquo;abolition de l&rsquo;esclavage aux \u00c9tats-Unis. Il vit \u00e0 Fort Plain, o\u00f9 son p\u00e8re a \u00e9migr\u00e9 apr\u00e8s&#13;\navoir \u00e9chapp\u00e9 \u00e0 l&rsquo;esclavage. En 1881, Bud est recrut\u00e9 par la Ligue professionnelle de baseball. Il&#13;\ny est confront\u00e9 \u00e0 une \u00e9norme discrimination et au racisme, car la barri\u00e8re de la couleur (une&#13;\nbarri\u00e8re qui exclut les joueurs d&rsquo;origine africaine de tous les sports majeurs) est encore tr\u00e8s&#13;\npr\u00e9sente dans le baseball professionnel \u00e0 cette \u00e9poque. Plus tard, en 1881, Bud est choisi par&#13;\nGeorge Sleeman et recrut\u00e9 pour jouer dans l&rsquo;\u00e9quipe de baseball des Maple Leafs de Guelph.&#13;\nBud n&rsquo;est pas bien accueilli par ses co\u00e9quipiers, tous blancs, qui refusent de jouer \u00e0 ses c\u00f4t\u00e9s.&#13;\nLa carri\u00e8re de Bud ne se termine pas \u00e0 Guelph, il retourne aux \u00c9tats-Unis o\u00f9 il joue au baseball&#13;\nde mani\u00e8re professionnel pendant 14 ans. \u00c0 ce jour, Bud Fowler est le premier Noir connu \u00e0&#13;\njouer dans une ligue de baseball professionnel organis\u00e9e et il a \u00e9t\u00e9 intronis\u00e9 au Baseball Hall of&#13;\nFame \u00e0 Cooperstown, dans l&amp;#39;\u00c9tat de New York.<\/p>\n\n<figure class=\"wp-block-embed is-type-video is-provider-youtube wp-block-embed-youtube wp-embed-aspect-16-9 wp-has-aspect-ratio\"><div class=\"wp-block-embed__wrapper\">\r\n<iframe loading=\"lazy\" title=\"Bud Fowler Story\" width=\"500\" height=\"281\" src=\"https:\/\/www.youtube.com\/embed\/YqXkp0HlUx4?feature=oembed\" frameborder=\"0\" allow=\"accelerometer; autoplay; clipboard-write; encrypted-media; gyroscope; picture-in-picture; web-share\" referrerpolicy=\"strict-origin-when-cross-origin\" allowfullscreen><\/iframe>\r\n<\/div><\/figure>\r\n\n<p class=\"has-text-align-center\"><strong>L&rsquo;histoire des Littles<\/strong>&#13;\n&#13;\nD\u00e9couvrez le voyage des Littles au Canada et comment ils sont devenus deux des fermiers les&#13;\nplus connus de la colonie de Queen&rsquo;s Bush. John Little a \u00e9t\u00e9 achet\u00e9 et vendu par de nombreux propri\u00e9taires d&rsquo;esclaves au d\u00e9but de sa vie,&#13;\nchacun pr\u00e9tendant qu&rsquo;il \u00e9tait \u00ab trop fort pour \u00eatre bris\u00e9 \u00bb. Il a \u00e9chapp\u00e9 plusieurs fois \u00e0&#13;\nl&rsquo;esclavage, mais il a fini par \u00eatre rattrap\u00e9 et emmen\u00e9 \u00e0 Jackson, dans le Tennessee, o\u00f9 il a&#13;\nrencontr\u00e9 et \u00e9pous\u00e9 une femme du nom d&rsquo;Eliza. M. et Mme John Little \u00e9chappent ensemble \u00e0&#13;\nl&rsquo;esclavage en 1841 et entament leur voyage vers le Canada. Ils traversent la rivi\u00e8re Ohio, o\u00f9&#13;\nMme Little s&rsquo;assoit sur un rondin avec leurs quelques biens, tandis que M. Little nage \u00e0 ses&#13;\nc\u00f4t\u00e9s. Ils arrivent \u00e0 Windsor, dans l&rsquo;Ontario, au Canada, mais il y a peu de travail ou&#13;\nd&rsquo;opportunit\u00e9s pour eux. M. et Mme John Little commencent leur voyage vers l&rsquo;Ontario apr\u00e8s&#13;\navoir entendu parler de Queen&amp;#39;s Bush et de la possibilit\u00e9 de poss\u00e9der leur propre terre. Apr\u00e8s&#13;\nleur arriv\u00e9e \u00e0 Queen&rsquo;s Bush (aujourd&rsquo;hui connu sous le nom de comt\u00e9 de Wellington et de la&#13;\nr\u00e9gion de Waterloo), M. et Mme John Little ont achet\u00e9 des terres et ont commenc\u00e9 \u00e0 cultiver. \u00c0&#13;\nce jour, ils sont deux des agriculteurs les plus connus parmi les premiers colons de Queen&rsquo;s&#13;\nBush, en Ontario.<\/p>\n\n<figure class=\"wp-block-embed is-type-video is-provider-youtube wp-block-embed-youtube wp-embed-aspect-16-9 wp-has-aspect-ratio\"><div class=\"wp-block-embed__wrapper\">\r\n<iframe loading=\"lazy\" title=\"The Littles Story\" width=\"500\" height=\"281\" src=\"https:\/\/www.youtube.com\/embed\/HHo2MeMGGpQ?feature=oembed\" frameborder=\"0\" allow=\"accelerometer; autoplay; clipboard-write; encrypted-media; gyroscope; picture-in-picture; web-share\" referrerpolicy=\"strict-origin-when-cross-origin\" allowfullscreen><\/iframe>\r\n<\/div><\/figure>\r\n\n<p class=\"has-text-align-center\"><strong>L&rsquo;histoire de Henry DANGERFIELD LAWSON<\/strong>&#13;\n&#13;\nApprenez \u00e0 conna\u00eetre Henry Dangerfield Lawson, l&rsquo;un des premiers colons noirs du comt\u00e9 de&#13;\nWellington, et sa fuite vers le Haut-Canada. AVERTISSEMENT DE CONTENU &#8211; La vid\u00e9o contient des sc\u00e8nes de violence graphique \u00e0&#13;\nl&rsquo;encontre de la communaut\u00e9 noire. Henry Dangerfield Lawson est n\u00e9 en 1806 au Ghana, en&#13;\nAfrique de l&rsquo;Ouest, o\u00f9 il a \u00e9t\u00e9 captur\u00e9 et emmen\u00e9 en Virginie en tant qu&rsquo;esclave. \u00c0 l&rsquo;\u00e2ge de 16 ans, Henry s&rsquo;est \u00e9chapp\u00e9 du chariot tir\u00e9 par des chevaux de son esclavagiste. Il a \u00e9t\u00e9 poursuivi&#13;\net fouett\u00e9, mais il a ma\u00eetris\u00e9 l&rsquo;homme, l&rsquo;a \u00e9trangl\u00e9 avec le fouet et s&rsquo;est enfui. Henry a suivi&#13;\nl&rsquo;\u00e9toile polaire et a rencontr\u00e9 des abolitionnistes qui l&rsquo;ont aid\u00e9 \u00e0 s&rsquo;enfuir par le chemin de fer&#13;\nclandestin vers le Haut-Canada, aujourd&amp;#39;hui l&amp;#39;Ontario. Henry a 24 ans lorsque les autorit\u00e9s&#13;\nbritanniques l&amp;#39;envoient travailler \u00e0 Queen&amp;#39;s Bush, aujourd&amp;#39;hui connue sous le nom de r\u00e9gion de&#13;\nGlen Allan. En 1844, Henry s&amp;#39;installe dans le canton de Peel o\u00f9 il \u00e9pouse Molly Ann Lawson. Ils&#13;\nont trois enfants, Henry II, William et Elizabeth, qui d\u00e9m\u00e9nagent plus tard \u00e0 Guelph, en Ontario. Henry Dangerfield Lawson est d\u00e9c\u00e9d\u00e9 en 1861 et est connu comme un des premiers colons&#13;\nnoirs du comt\u00e9 de Wellington ainsi que comme un anc\u00eatre connu de Mme Melba Jewell, une&#13;\npersonne extr\u00eamement influente dans ce que nous savons de l&amp;#39;histoire des Noirs du comt\u00e9 de&#13;\nWellington.<\/p>\n\n<figure class=\"wp-block-embed is-type-video is-provider-youtube wp-block-embed-youtube wp-embed-aspect-16-9 wp-has-aspect-ratio\"><div class=\"wp-block-embed__wrapper\">\r\n<iframe loading=\"lazy\" title=\"Henry Dangerfield Lawson Story\" width=\"500\" height=\"281\" src=\"https:\/\/www.youtube.com\/embed\/AHPNN5zrmO0?feature=oembed\" frameborder=\"0\" allow=\"accelerometer; autoplay; clipboard-write; encrypted-media; gyroscope; picture-in-picture; web-share\" referrerpolicy=\"strict-origin-when-cross-origin\" allowfullscreen><\/iframe>\r\n<\/div><\/figure>\r\n\n<p class=\"has-text-align-center\"><strong>L&rsquo;histoire de Melissa SMITH HESSON<\/strong>&#13;\n&#13;\nRencontrez Melissa Smith Hesson, une femme noire pionni\u00e8re qui a fait tomber les barri\u00e8res de&#13;\ngenre et a amplifi\u00e9 les voix et les exp\u00e9riences de la communaut\u00e9 noire de Guelph, tout en&#13;\nassurant une repr\u00e9sentation indispensable par le biais de ses \u00e9crits.&#13;\n&#13;\nMelissa Smith Hesson est n\u00e9e \u00e0 Queen&amp;#39;s Bush, en Ontario. Sa famille est l&amp;#39;un des premiers&#13;\nmembres de la Black Methodist Epicoscal Church de Guelph, fond\u00e9e sur Market Street en 1870&#13;\net connue aujourd&amp;#39;hui sous le nom de Heritage Hall. En 1908, Melissa Smith \u00e9pouse Samuel&#13;\nHesson. Ils voyagent entre le Canada et D\u00e9troit, car D\u00e9troit est un haut lieu de travail pour les&#13;\nhommes noirs canadiens. Melissa n&amp;#39;a que 20 ans lorsqu&amp;#39;elle se distingue en tant que&#13;\ncorrespondante du Plaindealer, le premier journal noir de D\u00e9troit. Elle \u00e9crivait sur les activit\u00e9s&#13;\net les \u00e9v\u00e9nements de la communaut\u00e9 noire de Guelph, car le journal de Guelph ne couvrait pas&#13;\nles nouvelles concernant les membres de la communaut\u00e9 noire. Les membres de la&#13;\ncommunaut\u00e9 noire de Guelph devaient se tourner vers le Plaindealer pour trouver une&#13;\nrepr\u00e9sentation correcte d&amp;#39;eux-m\u00eames dans les m\u00e9dias. Melissa Smith Hesson a repr\u00e9sent\u00e9 sa&#13;\ncommunaut\u00e9 \u00e0 Guelph et a bris\u00e9 les barri\u00e8res de genre au cours de sa carri\u00e8re. Elle est d\u00e9c\u00e9d\u00e9e&#13;\nchez elle, entour\u00e9e de sa famille, et est enterr\u00e9e au Woodlawn Memorial Park de Guelph.<\/p>\n\n<figure class=\"wp-block-embed is-type-video is-provider-youtube wp-block-embed-youtube wp-embed-aspect-16-9 wp-has-aspect-ratio\"><div class=\"wp-block-embed__wrapper\">\r\n<iframe loading=\"lazy\" title=\"Melissa Smith Hesson Story\" width=\"500\" height=\"281\" src=\"https:\/\/www.youtube.com\/embed\/lH6WqG1kdAk?feature=oembed\" frameborder=\"0\" allow=\"accelerometer; autoplay; clipboard-write; encrypted-media; gyroscope; picture-in-picture; web-share\" referrerpolicy=\"strict-origin-when-cross-origin\" allowfullscreen><\/iframe>\r\n<\/div><\/figure>\r\n\n<p class=\"has-text-align-center\"><strong>L&rsquo;histoire d&rsquo;Anna Maria WEEMS<\/strong>&#13;\nD\u00e9couvrez l&rsquo;histoire extraordinaire d&amp;#39;Anna Maria Weems, une jeune femme d\u00e9termin\u00e9e n\u00e9e en&#13;\nesclavage aux \u00c9tats-Unis, qui entreprend un voyage courageux pour retrouver sa famille au&#13;\nCanada.&#13;\n&#13;\nMme Anna Maria Weems est n\u00e9e dans l&amp;#39;esclavage en 1840, dans le Maryland, aux \u00c9tats-Unis. Le&#13;\np\u00e8re de Mme Anna \u00e9tait un homme de couleur libre, mais sa m\u00e8re \u00e9tait r\u00e9duite en esclavage,&#13;\nce qui signifie qu&amp;#39;Anna Maria et ses fr\u00e8res et s\u0153urs \u00e9taient \u00e9galement r\u00e9duits en esclavage. La&#13;\nfamille de Mme Anna a fini par \u00eatre s\u00e9par\u00e9e et sa m\u00e8re et sa s\u0153ur ont achet\u00e9 leur libert\u00e9, mais&#13;\nMme Anna s&amp;#39;est vue refuser la sienne pendant plus de six ans. \u00c0 l&amp;#39;\u00e2ge de 13 ans, Mme Anna a&#13;\nd\u00e9cid\u00e9 de s&rsquo;\u00e9chapper. Deux ans plus tard, le 23 septembre 1855, elle r\u00e9ussit \u00e0 \u00e9chapper \u00e0&#13;\nl&rsquo;esclavage et commence son voyage par le chemin de fer clandestin. Elle s&rsquo;est rendue \u00e0&#13;\nWashington DC, o\u00f9 elle a assum\u00e9 le r\u00f4le d&rsquo;une jeune conductrice de cal\u00e8che pour un m\u00e9decin&#13;\nprosp\u00e8re. Le 30 novembre 1855, Mme Anna prend le train pour le Canada et rejoint sa tante et&#13;\nson oncle \u00e0 Drayton, dans l&amp;#39;Ontario. En 1858, toute la famille de Mme Anna est \u00e9mancip\u00e9e&#13;\ngr\u00e2ce au Weems Ransom Fund, cr\u00e9\u00e9 pour aider les personnes asservies \u00e0 acheter leur libert\u00e9.<\/p>\n\n<figure class=\"wp-block-embed is-type-video is-provider-youtube wp-block-embed-youtube wp-embed-aspect-16-9 wp-has-aspect-ratio\"><div class=\"wp-block-embed__wrapper\">\r\n<iframe loading=\"lazy\" title=\"Anna Maria Weems Story\" width=\"500\" height=\"281\" src=\"https:\/\/www.youtube.com\/embed\/KgibHNdfHy8?feature=oembed\" frameborder=\"0\" allow=\"accelerometer; autoplay; clipboard-write; encrypted-media; gyroscope; picture-in-picture; web-share\" referrerpolicy=\"strict-origin-when-cross-origin\" allowfullscreen><\/iframe>\r\n<\/div><\/figure>\r\n\n<p><strong>Black Lives Matter (La vie des noir.e.s compte). Une manifestation \u00e0 Guelph &#8211; 6 juin 2020<\/strong><\/p>\n\n<p class=\"has-text-align-center\">\u00ab\u00a0Guelph n&rsquo;a jamais vu cela auparavant. Guelph, nous ne voulons pas revivre cela !\u00a0\u00bb &#8211; Marva&#13;\nWisdom&#13;\nDans le contexte du meurtre de George Floyd, les membres de la communaut\u00e9 de Guelph et du&#13;\ncomt\u00e9 de Wellington se sont unis pour faire entendre leur voix contre les injustices sociales. Ce rassemblement puissant a r\u00e9uni des orateurs passionn\u00e9s et des artistes talentueux, nous&#13;\nrappelant que la lutte pour l&rsquo;\u00e9galit\u00e9 n\u00e9cessite des changements syst\u00e9miques en mati\u00e8re de&#13;\npolitique, d\u2019\u00e9ducation et d&rsquo;application de la loi.<\/p>\n\n<figure class=\"wp-block-embed is-type-video is-provider-youtube wp-block-embed-youtube wp-embed-aspect-16-9 wp-has-aspect-ratio\"><div class=\"wp-block-embed__wrapper\">\r\n<iframe loading=\"lazy\" title=\"Black Lives Matter. A Guelph Protest. 6 June 2020.\" width=\"500\" height=\"281\" src=\"https:\/\/www.youtube.com\/embed\/aYxdRwvuPps?feature=oembed\" frameborder=\"0\" allow=\"accelerometer; autoplay; clipboard-write; encrypted-media; gyroscope; picture-in-picture; web-share\" referrerpolicy=\"strict-origin-when-cross-origin\" allowfullscreen><\/iframe>\r\n<\/div><\/figure>\r\n","protected":false},"excerpt":{"rendered":"<p>Le projet de vid\u00e9o historique #ChangeStartsNow est une s\u00e9rie de cinq courtes vid\u00e9os qui&#13; mettent en lumi\u00e8re les histoires, les [&hellip;]<\/p>\n","protected":false},"author":1,"featured_media":0,"parent":0,"menu_order":0,"comment_status":"closed","ping_status":"closed","template":"collection.php","meta":{"_acf_changed":false,"footnotes":""},"class_list":["post-5195","page","type-page","status-publish","hentry"],"acf":[],"yoast_head":"<!-- This site is optimized with the Yoast SEO plugin v27.3 - https:\/\/yoast.com\/product\/yoast-seo-wordpress\/ -->\n<title>Vid\u00e9os - #Changestartsnow<\/title>\n<meta name=\"robots\" content=\"index, follow, max-snippet:-1, max-image-preview:large, max-video-preview:-1\" \/>\n<link rel=\"canonical\" href=\"https:\/\/changestartsnow.ca\/fr\/videos\/\" \/>\n<meta property=\"og:locale\" content=\"fr_FR\" \/>\n<meta property=\"og:type\" content=\"article\" \/>\n<meta property=\"og:title\" content=\"Vid\u00e9os - #Changestartsnow\" \/>\n<meta property=\"og:description\" content=\"Le projet de vid\u00e9o historique #ChangeStartsNow est une s\u00e9rie de cinq courtes vid\u00e9os qui&#013; mettent en lumi\u00e8re les histoires, les [&hellip;]\" \/>\n<meta property=\"og:url\" content=\"https:\/\/changestartsnow.ca\/fr\/videos\/\" \/>\n<meta property=\"og:site_name\" content=\"#Changestartsnow\" \/>\n<meta property=\"article:modified_time\" content=\"2023-09-26T18:32:21+00:00\" \/>\n<meta name=\"twitter:card\" content=\"summary_large_image\" \/>\n<meta name=\"twitter:label1\" content=\"Dur\u00e9e de lecture estim\u00e9e\" \/>\n\t<meta name=\"twitter:data1\" content=\"7 minutes\" \/>\n<script type=\"application\/ld+json\" class=\"yoast-schema-graph\">{\"@context\":\"https:\\\/\\\/schema.org\",\"@graph\":[{\"@type\":\"WebPage\",\"@id\":\"https:\\\/\\\/changestartsnow.ca\\\/fr\\\/videos\\\/\",\"url\":\"https:\\\/\\\/changestartsnow.ca\\\/fr\\\/videos\\\/\",\"name\":\"Vid\u00e9os - #Changestartsnow\",\"isPartOf\":{\"@id\":\"https:\\\/\\\/changestartsnow.tempurl.host\\\/#website\"},\"datePublished\":\"2023-07-10T17:45:30+00:00\",\"dateModified\":\"2023-09-26T18:32:21+00:00\",\"breadcrumb\":{\"@id\":\"https:\\\/\\\/changestartsnow.ca\\\/fr\\\/videos\\\/#breadcrumb\"},\"inLanguage\":\"fr-FR\",\"potentialAction\":[{\"@type\":\"ReadAction\",\"target\":[\"https:\\\/\\\/changestartsnow.ca\\\/fr\\\/videos\\\/\"]}]},{\"@type\":\"BreadcrumbList\",\"@id\":\"https:\\\/\\\/changestartsnow.ca\\\/fr\\\/videos\\\/#breadcrumb\",\"itemListElement\":[{\"@type\":\"ListItem\",\"position\":1,\"name\":\"Home\",\"item\":\"https:\\\/\\\/changestartsnow.tempurl.host\\\/\"},{\"@type\":\"ListItem\",\"position\":2,\"name\":\"Vid\u00e9os\"}]},{\"@type\":\"WebSite\",\"@id\":\"https:\\\/\\\/changestartsnow.tempurl.host\\\/#website\",\"url\":\"https:\\\/\\\/changestartsnow.tempurl.host\\\/\",\"name\":\"#Changestartsnow\",\"description\":\"\",\"potentialAction\":[{\"@type\":\"SearchAction\",\"target\":{\"@type\":\"EntryPoint\",\"urlTemplate\":\"https:\\\/\\\/changestartsnow.tempurl.host\\\/?s={search_term_string}\"},\"query-input\":{\"@type\":\"PropertyValueSpecification\",\"valueRequired\":true,\"valueName\":\"search_term_string\"}}],\"inLanguage\":\"fr-FR\"}]}<\/script>\n<!-- \/ Yoast SEO plugin. -->","yoast_head_json":{"title":"Vid\u00e9os - #Changestartsnow","robots":{"index":"index","follow":"follow","max-snippet":"max-snippet:-1","max-image-preview":"max-image-preview:large","max-video-preview":"max-video-preview:-1"},"canonical":"https:\/\/changestartsnow.ca\/fr\/videos\/","og_locale":"fr_FR","og_type":"article","og_title":"Vid\u00e9os - #Changestartsnow","og_description":"Le projet de vid\u00e9o historique #ChangeStartsNow est une s\u00e9rie de cinq courtes vid\u00e9os qui&#13; mettent en lumi\u00e8re les histoires, les [&hellip;]","og_url":"https:\/\/changestartsnow.ca\/fr\/videos\/","og_site_name":"#Changestartsnow","article_modified_time":"2023-09-26T18:32:21+00:00","twitter_card":"summary_large_image","twitter_misc":{"Dur\u00e9e de lecture estim\u00e9e":"7 minutes"},"schema":{"@context":"https:\/\/schema.org","@graph":[{"@type":"WebPage","@id":"https:\/\/changestartsnow.ca\/fr\/videos\/","url":"https:\/\/changestartsnow.ca\/fr\/videos\/","name":"Vid\u00e9os - #Changestartsnow","isPartOf":{"@id":"https:\/\/changestartsnow.tempurl.host\/#website"},"datePublished":"2023-07-10T17:45:30+00:00","dateModified":"2023-09-26T18:32:21+00:00","breadcrumb":{"@id":"https:\/\/changestartsnow.ca\/fr\/videos\/#breadcrumb"},"inLanguage":"fr-FR","potentialAction":[{"@type":"ReadAction","target":["https:\/\/changestartsnow.ca\/fr\/videos\/"]}]},{"@type":"BreadcrumbList","@id":"https:\/\/changestartsnow.ca\/fr\/videos\/#breadcrumb","itemListElement":[{"@type":"ListItem","position":1,"name":"Home","item":"https:\/\/changestartsnow.tempurl.host\/"},{"@type":"ListItem","position":2,"name":"Vid\u00e9os"}]},{"@type":"WebSite","@id":"https:\/\/changestartsnow.tempurl.host\/#website","url":"https:\/\/changestartsnow.tempurl.host\/","name":"#Changestartsnow","description":"","potentialAction":[{"@type":"SearchAction","target":{"@type":"EntryPoint","urlTemplate":"https:\/\/changestartsnow.tempurl.host\/?s={search_term_string}"},"query-input":{"@type":"PropertyValueSpecification","valueRequired":true,"valueName":"search_term_string"}}],"inLanguage":"fr-FR"}]}},"_links":{"self":[{"href":"https:\/\/changestartsnow.ca\/fr\/wp-json\/wp\/v2\/pages\/5195","targetHints":{"allow":["GET"]}}],"collection":[{"href":"https:\/\/changestartsnow.ca\/fr\/wp-json\/wp\/v2\/pages"}],"about":[{"href":"https:\/\/changestartsnow.ca\/fr\/wp-json\/wp\/v2\/types\/page"}],"author":[{"embeddable":true,"href":"https:\/\/changestartsnow.ca\/fr\/wp-json\/wp\/v2\/users\/1"}],"replies":[{"embeddable":true,"href":"https:\/\/changestartsnow.ca\/fr\/wp-json\/wp\/v2\/comments?post=5195"}],"version-history":[{"count":1,"href":"https:\/\/changestartsnow.ca\/fr\/wp-json\/wp\/v2\/pages\/5195\/revisions"}],"predecessor-version":[{"id":5196,"href":"https:\/\/changestartsnow.ca\/fr\/wp-json\/wp\/v2\/pages\/5195\/revisions\/5196"}],"wp:attachment":[{"href":"https:\/\/changestartsnow.ca\/fr\/wp-json\/wp\/v2\/media?parent=5195"}],"curies":[{"name":"wp","href":"https:\/\/api.w.org\/{rel}","templated":true}]}}